{"id":2623,"date":"2024-03-31T18:29:29","date_gmt":"2024-03-31T18:29:29","guid":{"rendered":"http:\/\/jmess.org\/?page_id=2623"},"modified":"2024-03-31T18:29:29","modified_gmt":"2024-03-31T18:29:29","slug":"vol-10-issue-3-march-2024","status":"publish","type":"page","link":"https:\/\/jmess.org\/index.php\/vol-10-issue-3-march-2024\/","title":{"rendered":"Vol.10 \u2013 Issue 3 (March\u2013 2024)"},"content":{"rendered":"\n<table id=\"tablepress-103\" class=\"tablepress tablepress-id-103\">\n<thead>\n<tr class=\"row-1 odd\">\n\t<th class=\"column-1\">Paper Title<\/th><th class=\"column-2\">Download<\/th>\n<\/tr>\n<\/thead>\n<tbody class=\"row-hover\">\n<tr class=\"row-2 even\">\n\t<td class=\"column-1\"><a href=\"http:\/\/www.jmess.org\/wp-content\/uploads\/2024\/03\/CoverPageMarch2024.pdf\" target=\"_blank\" rel=\"noopener\"> Cover Page <\/a><\/td><td class=\"column-2\"><a href=\"http:\/\/www.jmess.org\/wp-content\/uploads\/2024\/03\/CoverPageMarch2024.pdf\"><img src=\"http:\/\/www.jmess.org\/wp-content\/uploads\/2015\/11\/image002.png\" alt=\" width=\"42\" height=\"43\" class=\"alignleft size-full wp-image-494\" \/><\/a><\/td>\n<\/tr>\n<tr class=\"row-3 odd\">\n\t<td class=\"column-1\"><a href=\"http:\/\/www.jmess.org\/wp-content\/uploads\/2024\/03\/ContentMarch2024.pdf\" target=\"_blank\" rel=\"noopener\"> Content List <\/a><\/td><td class=\"column-2\"><a href=\"http:\/\/www.jmess.org\/wp-content\/uploads\/2024\/03\/ContentMarch2024.pdf\"><img src=\"http:\/\/www.jmess.org\/wp-content\/uploads\/2015\/11\/image002.png\" alt=\" width=\"42\" height=\"43\" class=\"alignleft size-full wp-image-494\" \/><\/a><\/td>\n<\/tr>\n<tr class=\"row-4 even\">\n\t<td class=\"column-1\"><a href=\"http:\/\/www.jmess.org\/wp-content\/uploads\/2024\/03\/JMESSP13420966.pdf\" target=\"_blank\" rel=\"noopener\">Expectations About The Bachelor Of Public Accounting For Incoming Students - Case Of Students Of The University Of Sonora<\/a><br \/>\nAuthors: Francisco Javier Espinoza Valencia; Patricia Aguilar Talamante; Nora Gabriela Sainz Zarate<\/td><td class=\"column-2\"><a href=\"http:\/\/www.jmess.org\/wp-content\/uploads\/2024\/03\/JMESSP13420966.pdf\"><img src=\"http:\/\/www.jmess.org\/wp-content\/uploads\/2015\/11\/image002.png\" alt=\" width=\"42\" height=\"43\" class=\"alignleft size-full wp-image-494\" \/><\/a><\/td>\n<\/tr>\n<tr class=\"row-5 odd\">\n\t<td class=\"column-1\"><a href=\"http:\/\/www.jmess.org\/wp-content\/uploads\/2024\/03\/JMESSP13420967.pdf\" target=\"_blank\" rel=\"noopener\">Towards The Automatic Extraction And Annotation Of Information Elements From Handwriting Notes<\/a><br \/>\nAuthors: Maria Susana Avila-garcia; Erick Franco-gaona; Cristian Camilo Otalora-leguizamon; Marco Bianchetti<\/td><td class=\"column-2\"><a href=\"http:\/\/www.jmess.org\/wp-content\/uploads\/2024\/03\/JMESSP13420967.pdf\"><img src=\"http:\/\/www.jmess.org\/wp-content\/uploads\/2015\/11\/image002.png\" alt=\" width=\"42\" height=\"43\" class=\"alignleft size-full wp-image-494\" \/><\/a><\/td>\n<\/tr>\n<tr class=\"row-6 even\">\n\t<td class=\"column-1\"><a href=\"http:\/\/www.jmess.org\/wp-content\/uploads\/2024\/03\/JMESSP13420968.pdf\" target=\"_blank\" rel=\"noopener\">Experimental Study On The Relationship Between Attenuation Coefficient And Data Rate In Free Space Optical Communication<\/a><br \/>\nAuthors: Ibukunoluwa Adetutu Olajide; Samson Adenle Oyetunji<\/td><td class=\"column-2\"><a href=\"http:\/\/www.jmess.org\/wp-content\/uploads\/2024\/03\/JMESSP13420968.pdf\"><img src=\"http:\/\/www.jmess.org\/wp-content\/uploads\/2015\/11\/image002.png\" alt=\" width=\"42\" height=\"43\" class=\"alignleft size-full wp-image-494\" \/><\/a><\/td>\n<\/tr>\n<tr class=\"row-7 odd\">\n\t<td class=\"column-1\"><a href=\"http:\/\/www.jmess.org\/wp-content\/uploads\/2024\/03\/JMESSP13420970.pdf\" target=\"_blank\" rel=\"noopener\">Architecture-driven Model For Optimizing The Design Of Smart Parking Service Systems<\/a><br \/>\nAuthors: Shuh-ping Sun<\/td><td class=\"column-2\"><a href=\"http:\/\/www.jmess.org\/wp-content\/uploads\/2024\/03\/JMESSP13420970.pdf\"><img src=\"http:\/\/www.jmess.org\/wp-content\/uploads\/2015\/11\/image002.png\" alt=\" width=\"42\" height=\"43\" class=\"alignleft size-full wp-image-494\" \/><\/a><\/td>\n<\/tr>\n<tr class=\"row-8 even\">\n\t<td class=\"column-1\"><a href=\"http:\/\/www.jmess.org\/wp-content\/uploads\/2024\/03\/JMESSP13420971.pdf\" target=\"_blank\" rel=\"noopener\">Geographic, Weather, Geological, And Edaphological Data For Vineyards In The State Of Guanajuato<\/a><br \/>\nAuthors: Maria Susana Avila-garcia; Stefano Toffanin; Judith Daniela Guzm\u00e1n Mora; Jes\u00fas Andr\u00e9s Sierra Rangel; Mayra Alejandra De Los \u00c1ngeles Mej\u00eda Moreno; Marco Bianchetti; Maria Elena Sosa Morales; Roberto Rojas-laguna<\/td><td class=\"column-2\"><a href=\"http:\/\/www.jmess.org\/wp-content\/uploads\/2024\/03\/JMESSP13420971.pdf\"><img src=\"http:\/\/www.jmess.org\/wp-content\/uploads\/2015\/11\/image002.png\" alt=\" width=\"42\" height=\"43\" class=\"alignleft size-full wp-image-494\" \/><\/a><\/td>\n<\/tr>\n<\/tbody>\n<\/table>\n<!-- #tablepress-103 from cache -->\n\n\n\n<p><\/p>\n<div style=\"padding-bottom:20px; padding-top:10px;\" class=\"hupso-share-buttons\"><!-- Hupso Share Buttons - http:\/\/www.hupso.com\/share\/ --><a class=\"hupso_toolbar\" href=\"http:\/\/www.hupso.com\/share\/\"><img src=\"https:\/\/static.hupso.com\/share\/buttons\/share-medium.png\" style=\"border:0px; padding-top:5px; float:left;\" alt=\"Share Button\"\/><\/a><script type=\"text\/javascript\">var hupso_services_t=new Array(\"Twitter\",\"Facebook\",\"Google Plus\",\"Pinterest\",\"Linkedin\",\"StumbleUpon\",\"Digg\",\"Reddit\",\"Bebo\");var hupso_background_t=\"#EAF4FF\";var hupso_border_t=\"#66CCFF\";var hupso_toolbar_size_t=\"medium\";var hupso_image_folder_url = \"\";var hupso_url_t=\"\";var hupso_title_t=\"Vol.10 \u2013 Issue 3 (March\u2013 2024)\";<\/script><script type=\"text\/javascript\" src=\"https:\/\/static.hupso.com\/share\/js\/share_toolbar.js\"><\/script><!-- Hupso Share Buttons --><\/div>","protected":false},"excerpt":{"rendered":"<div style=\"padding-bottom:20px; padding-top:10px;\" class=\"hupso-share-buttons\"><!-- Hupso Share Buttons - http:\/\/www.hupso.com\/share\/ --><a class=\"hupso_toolbar\" href=\"http:\/\/www.hupso.com\/share\/\"><img src=\"https:\/\/static.hupso.com\/share\/buttons\/share-medium.png\" style=\"border:0px; padding-top:5px; float:left;\" alt=\"Share Button\"\/><\/a><script type=\"text\/javascript\">var hupso_services_t=new Array(\"Twitter\",\"Facebook\",\"Google Plus\",\"Pinterest\",\"Linkedin\",\"StumbleUpon\",\"Digg\",\"Reddit\",\"Bebo\");var hupso_background_t=\"#EAF4FF\";var hupso_border_t=\"#66CCFF\";var hupso_toolbar_size_t=\"medium\";var hupso_image_folder_url = \"\";var hupso_url_t=\"\";var hupso_title_t=\"Vol.10 \u2013 Issue 3 (March\u2013 2024)\";<\/script><script type=\"text\/javascript\" src=\"https:\/\/static.hupso.com\/share\/js\/share_toolbar.js\"><\/script><!-- Hupso Share Buttons --><\/div>","protected":false},"author":1,"featured_media":0,"parent":0,"menu_order":0,"comment_status":"closed","ping_status":"closed","template":"","meta":[],"_links":{"self":[{"href":"https:\/\/jmess.org\/index.php\/wp-json\/wp\/v2\/pages\/2623"}],"collection":[{"href":"https:\/\/jmess.org\/index.php\/wp-json\/wp\/v2\/pages"}],"about":[{"href":"https:\/\/jmess.org\/index.php\/wp-json\/wp\/v2\/types\/page"}],"author":[{"embeddable":true,"href":"https:\/\/jmess.org\/index.php\/wp-json\/wp\/v2\/users\/1"}],"replies":[{"embeddable":true,"href":"https:\/\/jmess.org\/index.php\/wp-json\/wp\/v2\/comments?post=2623"}],"version-history":[{"count":1,"href":"https:\/\/jmess.org\/index.php\/wp-json\/wp\/v2\/pages\/2623\/revisions"}],"predecessor-version":[{"id":2624,"href":"https:\/\/jmess.org\/index.php\/wp-json\/wp\/v2\/pages\/2623\/revisions\/2624"}],"wp:attachment":[{"href":"https:\/\/jmess.org\/index.php\/wp-json\/wp\/v2\/media?parent=2623"}],"curies":[{"name":"wp","href":"https:\/\/api.w.org\/{rel}","templated":true}]}}