{"id":2530,"date":"2023-10-31T19:16:54","date_gmt":"2023-10-31T19:16:54","guid":{"rendered":"http:\/\/jmess.org\/?page_id=2530"},"modified":"2023-10-31T19:16:54","modified_gmt":"2023-10-31T19:16:54","slug":"vol-9-issue-10-october-2023","status":"publish","type":"page","link":"https:\/\/jmess.org\/index.php\/vol-9-issue-10-october-2023\/","title":{"rendered":"Vol.9 \u2013 Issue 10 (October\u2013 2023)"},"content":{"rendered":"\n<table id=\"tablepress-98\" class=\"tablepress tablepress-id-98\">\n<thead>\n<tr class=\"row-1 odd\">\n\t<th class=\"column-1\">Paper Title<\/th><th class=\"column-2\">Download<\/th>\n<\/tr>\n<\/thead>\n<tbody class=\"row-hover\">\n<tr class=\"row-2 even\">\n\t<td class=\"column-1\"><a href=\"http:\/\/www.jmess.org\/wp-content\/uploads\/2023\/10\/CoverPageOctober2023.pdf\" target=\"_blank\" rel=\"noopener\"> Cover Page <\/a><\/td><td class=\"column-2\"><a href=\"http:\/\/www.jmess.org\/wp-content\/uploads\/2023\/10\/CoverPageOctober2023.pdf\"><img src=\"http:\/\/www.jmess.org\/wp-content\/uploads\/2015\/11\/image002.png\" alt=\" width=\"42\" height=\"43\" class=\"alignleft size-full wp-image-494\" \/><\/a><\/td>\n<\/tr>\n<tr class=\"row-3 odd\">\n\t<td class=\"column-1\"><a href=\"http:\/\/www.jmess.org\/wp-content\/uploads\/2023\/10\/ContentOctober2023.pdf\" target=\"_blank\" rel=\"noopener\"> Content List <\/a><\/td><td class=\"column-2\"><a href=\"http:\/\/www.jmess.org\/wp-content\/uploads\/2023\/10\/ContentOctober2023.pdf\"><img src=\"http:\/\/www.jmess.org\/wp-content\/uploads\/2015\/11\/image002.png\" alt=\" width=\"42\" height=\"43\" class=\"alignleft size-full wp-image-494\" \/><\/a><\/td>\n<\/tr>\n<tr class=\"row-4 even\">\n\t<td class=\"column-1\"><a href=\"http:\/\/www.jmess.org\/wp-content\/uploads\/2023\/10\/JMESSP13420949.pdf\" target=\"_blank\" rel=\"noopener\">Perspectives Of Training In Entrepreneurship Of New Students Of The Degree In Public Accounting<\/a><br \/>\nAuthors: Francisco Javier Espinoza Valencia; Fernando Calles Montijo; Sergio F\u00e9lix Enr\u00edquez<\/td><td class=\"column-2\"><a href=\"http:\/\/www.jmess.org\/wp-content\/uploads\/2023\/10\/JMESSP13420949.pdf\"><img src=\"http:\/\/www.jmess.org\/wp-content\/uploads\/2015\/11\/image002.png\" alt=\" width=\"42\" height=\"43\" class=\"alignleft size-full wp-image-494\" \/><\/a><\/td>\n<\/tr>\n<tr class=\"row-5 odd\">\n\t<td class=\"column-1\"><a href=\"http:\/\/www.jmess.org\/wp-content\/uploads\/2023\/10\/JMESSP13420950.pdf\" target=\"_blank\" rel=\"noopener\">Analysis Of The Influence Of Preprocessing Techniques On Text Classification Accuracy: An Investigation With The Naive Bayes Model And The Reuters-21578 Dataset<\/a><br \/>\nAuthors: Jose Manuel Arengas Acosta; Rafael Guzm\u00e1n Cabrera; Misael L\u00f3pez Ram\u00edrez<\/td><td class=\"column-2\"><a href=\"http:\/\/www.jmess.org\/wp-content\/uploads\/2023\/10\/JMESSP13420950.pdf\"><img src=\"http:\/\/www.jmess.org\/wp-content\/uploads\/2015\/11\/image002.png\" alt=\" width=\"42\" height=\"43\" class=\"alignleft size-full wp-image-494\" \/><\/a><\/td>\n<\/tr>\n<\/tbody>\n<\/table>\n<!-- #tablepress-98 from cache -->\n<div style=\"padding-bottom:20px; padding-top:10px;\" class=\"hupso-share-buttons\"><!-- Hupso Share Buttons - http:\/\/www.hupso.com\/share\/ --><a class=\"hupso_toolbar\" href=\"http:\/\/www.hupso.com\/share\/\"><img src=\"https:\/\/static.hupso.com\/share\/buttons\/share-medium.png\" style=\"border:0px; padding-top:5px; float:left;\" alt=\"Share Button\"\/><\/a><script type=\"text\/javascript\">var hupso_services_t=new Array(\"Twitter\",\"Facebook\",\"Google Plus\",\"Pinterest\",\"Linkedin\",\"StumbleUpon\",\"Digg\",\"Reddit\",\"Bebo\");var hupso_background_t=\"#EAF4FF\";var hupso_border_t=\"#66CCFF\";var hupso_toolbar_size_t=\"medium\";var hupso_image_folder_url = \"\";var hupso_url_t=\"\";var hupso_title_t=\"Vol.9 \u2013 Issue 10 (October\u2013 2023)\";<\/script><script type=\"text\/javascript\" src=\"https:\/\/static.hupso.com\/share\/js\/share_toolbar.js\"><\/script><!-- Hupso Share Buttons --><\/div>","protected":false},"excerpt":{"rendered":"<div style=\"padding-bottom:20px; padding-top:10px;\" class=\"hupso-share-buttons\"><!-- Hupso Share Buttons - http:\/\/www.hupso.com\/share\/ --><a class=\"hupso_toolbar\" href=\"http:\/\/www.hupso.com\/share\/\"><img src=\"https:\/\/static.hupso.com\/share\/buttons\/share-medium.png\" style=\"border:0px; padding-top:5px; float:left;\" alt=\"Share Button\"\/><\/a><script type=\"text\/javascript\">var hupso_services_t=new Array(\"Twitter\",\"Facebook\",\"Google Plus\",\"Pinterest\",\"Linkedin\",\"StumbleUpon\",\"Digg\",\"Reddit\",\"Bebo\");var hupso_background_t=\"#EAF4FF\";var hupso_border_t=\"#66CCFF\";var hupso_toolbar_size_t=\"medium\";var hupso_image_folder_url = \"\";var hupso_url_t=\"\";var hupso_title_t=\"Vol.9 \u2013 Issue 10 (October\u2013 2023)\";<\/script><script type=\"text\/javascript\" src=\"https:\/\/static.hupso.com\/share\/js\/share_toolbar.js\"><\/script><!-- Hupso Share Buttons --><\/div>","protected":false},"author":1,"featured_media":0,"parent":0,"menu_order":0,"comment_status":"closed","ping_status":"closed","template":"","meta":[],"_links":{"self":[{"href":"https:\/\/jmess.org\/index.php\/wp-json\/wp\/v2\/pages\/2530"}],"collection":[{"href":"https:\/\/jmess.org\/index.php\/wp-json\/wp\/v2\/pages"}],"about":[{"href":"https:\/\/jmess.org\/index.php\/wp-json\/wp\/v2\/types\/page"}],"author":[{"embeddable":true,"href":"https:\/\/jmess.org\/index.php\/wp-json\/wp\/v2\/users\/1"}],"replies":[{"embeddable":true,"href":"https:\/\/jmess.org\/index.php\/wp-json\/wp\/v2\/comments?post=2530"}],"version-history":[{"count":1,"href":"https:\/\/jmess.org\/index.php\/wp-json\/wp\/v2\/pages\/2530\/revisions"}],"predecessor-version":[{"id":2533,"href":"https:\/\/jmess.org\/index.php\/wp-json\/wp\/v2\/pages\/2530\/revisions\/2533"}],"wp:attachment":[{"href":"https:\/\/jmess.org\/index.php\/wp-json\/wp\/v2\/media?parent=2530"}],"curies":[{"name":"wp","href":"https:\/\/api.w.org\/{rel}","templated":true}]}}