{"id":2055,"date":"2021-12-31T19:08:14","date_gmt":"2021-12-31T19:08:14","guid":{"rendered":"http:\/\/jmess.org\/?page_id=2055"},"modified":"2021-12-31T19:08:14","modified_gmt":"2021-12-31T19:08:14","slug":"vol-7-issue-12-december-2021","status":"publish","type":"page","link":"https:\/\/jmess.org\/index.php\/vol-7-issue-12-december-2021\/","title":{"rendered":"Vol.7 \u2013 Issue 12 (December\u2013 2021)"},"content":{"rendered":"\n<table id=\"tablepress-77\" class=\"tablepress tablepress-id-77\">\n<thead>\n<tr class=\"row-1 odd\">\n\t<th class=\"column-1\">Paper Title<\/th><th class=\"column-2\">Download<\/th>\n<\/tr>\n<\/thead>\n<tbody class=\"row-hover\">\n<tr class=\"row-2 even\">\n\t<td class=\"column-1\"><a href=\"http:\/\/www.jmess.org\/wp-content\/uploads\/2021\/12\/CoverPageDecember2021.pdf\" target=\"_blank\" rel=\"noopener\"> Cover Page <\/a><\/td><td class=\"column-2\"><a href=\"http:\/\/www.jmess.org\/wp-content\/uploads\/2021\/12\/CoverPageDecember2021.pdf\"><img src=\"http:\/\/www.jmess.org\/wp-content\/uploads\/2015\/11\/image002.png\" alt=\" width=\"42\" height=\"43\" class=\"alignleft size-full wp-image-494\" \/><\/a><\/td>\n<\/tr>\n<tr class=\"row-3 odd\">\n\t<td class=\"column-1\"><a href=\"http:\/\/www.jmess.org\/wp-content\/uploads\/2022\/01\/ContentDecember2021.pdf\" target=\"_blank\" rel=\"noopener\"> Content List <\/a><\/td><td class=\"column-2\"><a href=\"http:\/\/www.jmess.org\/wp-content\/uploads\/2022\/01\/ContentDecember2021.pdf\"><img src=\"http:\/\/www.jmess.org\/wp-content\/uploads\/2015\/11\/image002.png\" alt=\" width=\"42\" height=\"43\" class=\"alignleft size-full wp-image-494\" \/><\/a><\/td>\n<\/tr>\n<tr class=\"row-4 even\">\n\t<td class=\"column-1\"><a href=\"http:\/\/www.jmess.org\/wp-content\/uploads\/2021\/12\/JMESSP13420805.pdf\" target=\"_blank\" rel=\"noopener\">Computer Simulation Of The Strength Of Joints Made By 3d Printing<\/a><br \/>\nAuthors: Juraj Beniak; Peter Kri\u017ean; Milo\u0161 Mat\u00fa\u0161<\/td><td class=\"column-2\"><a href=\"http:\/\/www.jmess.org\/wp-content\/uploads\/2021\/12\/JMESSP13420805.pdf\"><img src=\"http:\/\/www.jmess.org\/wp-content\/uploads\/2015\/11\/image002.png\" alt=\" width=\"42\" height=\"43\" class=\"alignleft size-full wp-image-494\" \/><\/a><\/td>\n<\/tr>\n<tr class=\"row-5 odd\">\n\t<td class=\"column-1\"><a href=\"http:\/\/www.jmess.org\/wp-content\/uploads\/2021\/12\/JMESSP13420806.pdf\" target=\"_blank\" rel=\"noopener\">The Review Of Patented Technology Of Bridge Basin Bearings<\/a><br \/>\nAuthors: Min Zhang<\/td><td class=\"column-2\"><a href=\"http:\/\/www.jmess.org\/wp-content\/uploads\/2021\/12\/JMESSP13420806.pdf\"><img src=\"http:\/\/www.jmess.org\/wp-content\/uploads\/2015\/11\/image002.png\" alt=\" width=\"42\" height=\"43\" class=\"alignleft size-full wp-image-494\" \/><\/a><\/td>\n<\/tr>\n<tr class=\"row-6 even\">\n\t<td class=\"column-1\"><a href=\"http:\/\/www.jmess.org\/wp-content\/uploads\/2021\/12\/JMESSP13420809.pdf\" target=\"_blank\" rel=\"noopener\">Reduction Of Current Harmonics In 11 Kv Distribution System Using Active Power Filter And Discrete Wavelet Transform<\/a><br \/>\nAuthors: Oyare Gideon Ayegba; Akaninyene Bernard Obot; Nseobong Ibanga Okpura<\/td><td class=\"column-2\"><a href=\"http:\/\/www.jmess.org\/wp-content\/uploads\/2021\/12\/JMESSP13420809.pdf\"><img src=\"http:\/\/www.jmess.org\/wp-content\/uploads\/2015\/11\/image002.png\" alt=\" width=\"42\" height=\"43\" class=\"alignleft size-full wp-image-494\" \/><\/a><\/td>\n<\/tr>\n<tr class=\"row-7 odd\">\n\t<td class=\"column-1\"><a href=\"http:\/\/www.jmess.org\/wp-content\/uploads\/2021\/12\/JMESSP13420810.pdf\" target=\"_blank\" rel=\"noopener\">Occupational Accidents In Agriculture And Necessary Measures<\/a><br \/>\nAuthors: Adem \u00d6zkan<\/td><td class=\"column-2\"><a href=\"http:\/\/www.jmess.org\/wp-content\/uploads\/2021\/12\/JMESSP13420810.pdf\"><img src=\"http:\/\/www.jmess.org\/wp-content\/uploads\/2015\/11\/image002.png\" alt=\" width=\"42\" height=\"43\" class=\"alignleft size-full wp-image-494\" \/><\/a><\/td>\n<\/tr>\n<tr class=\"row-8 even\">\n\t<td class=\"column-1\"><a href=\"http:\/\/www.jmess.org\/wp-content\/uploads\/2021\/12\/JMESSP13420811.pdf\" target=\"_blank\" rel=\"noopener\">Museum Interventions\/Extensions in Historic Context:<br \/>\nA Case Study of European Museums <\/a><br \/>\nAuthors: Naeem Abrar<\/td><td class=\"column-2\"><a href=\"http:\/\/www.jmess.org\/wp-content\/uploads\/2021\/12\/JMESSP13420811.pdf\"><img src=\"http:\/\/www.jmess.org\/wp-content\/uploads\/2015\/11\/image002.png\" alt=\" width=\"42\" height=\"43\" class=\"alignleft size-full wp-image-494\" \/><\/a><\/td>\n<\/tr>\n<tr class=\"row-9 odd\">\n\t<td class=\"column-1\"><a href=\"http:\/\/www.jmess.org\/wp-content\/uploads\/2021\/12\/JMESSP13420812.pdf\" target=\"_blank\" rel=\"noopener\">Automatic Load Frequency Control Of Two Area Interconnected Power System With Diverse Source In Nigeria<\/a><br \/>\nAuthors: Adamu M.; Jiya J. D.; Haruna Y. S.; Isa A. I.; Abdullahi Z. M.<\/td><td class=\"column-2\"><a href=\"http:\/\/www.jmess.org\/wp-content\/uploads\/2021\/12\/JMESSP13420812.pdf\"><img src=\"http:\/\/www.jmess.org\/wp-content\/uploads\/2015\/11\/image002.png\" alt=\" width=\"42\" height=\"43\" class=\"alignleft size-full wp-image-494\" \/><\/a><\/td>\n<\/tr>\n<tr class=\"row-10 even\">\n\t<td class=\"column-1\"><a href=\"http:\/\/www.jmess.org\/wp-content\/uploads\/2021\/12\/JMESSP13420815.pdf\" target=\"_blank\" rel=\"noopener\">Quality Assessment Of Reinforced Concrete Structural Elements Of Some Selected University Buildings Using Ultrasonic Pulse Velocity Test<\/a><br \/>\nAuthors: Akingbonmire, S. L.; Afolayan, J. O.; Olanitori, L. M.; Ikumapayi, C. M.<\/td><td class=\"column-2\"><a href=\"http:\/\/www.jmess.org\/wp-content\/uploads\/2021\/12\/JMESSP13420815.pdf\"><img src=\"http:\/\/www.jmess.org\/wp-content\/uploads\/2015\/11\/image002.png\" alt=\" width=\"42\" height=\"43\" class=\"alignleft size-full wp-image-494\" \/><\/a><\/td>\n<\/tr>\n<tr class=\"row-11 odd\">\n\t<td class=\"column-1\"><a href=\"http:\/\/www.jmess.org\/wp-content\/uploads\/2021\/12\/JMESSP13420816.pdf\" target=\"_blank\" rel=\"noopener\">Agriculture And Drought<\/a><br \/>\nAuthors: Adem \u00d6zkan<\/td><td class=\"column-2\"><a href=\"http:\/\/www.jmess.org\/wp-content\/uploads\/2021\/12\/JMESSP13420816.pdf\"><img src=\"http:\/\/www.jmess.org\/wp-content\/uploads\/2015\/11\/image002.png\" alt=\" width=\"42\" height=\"43\" class=\"alignleft size-full wp-image-494\" \/><\/a><\/td>\n<\/tr>\n<tr class=\"row-12 even\">\n\t<td class=\"column-1\"><a href=\"http:\/\/www.jmess.org\/wp-content\/uploads\/2022\/01\/JMESSP13420817.pdf\" target=\"_blank\" rel=\"noopener\">Human Extinction Crisis - Environmental Philosophy<\/a><br \/>\nAuthors: Shuichi Kato<\/td><td class=\"column-2\"><a href=\"http:\/\/www.jmess.org\/wp-content\/uploads\/2022\/01\/JMESSP13420817.pdf\"><img src=\"http:\/\/www.jmess.org\/wp-content\/uploads\/2015\/11\/image002.png\" alt=\" width=\"42\" height=\"43\" class=\"alignleft size-full wp-image-494\" \/><\/a><\/td>\n<\/tr>\n<tr class=\"row-13 odd\">\n\t<td class=\"column-1\"><a href=\"http:\/\/www.jmess.org\/wp-content\/uploads\/2021\/12\/JMESSP13420818.pdf\" target=\"_blank\" rel=\"noopener\">Safe Use Of Tractors<\/a><br \/>\nAuthors: Adem \u00d6zkan<\/td><td class=\"column-2\"><a href=\"http:\/\/www.jmess.org\/wp-content\/uploads\/2021\/12\/JMESSP13420818.pdf\"><img src=\"http:\/\/www.jmess.org\/wp-content\/uploads\/2015\/11\/image002.png\" alt=\" width=\"42\" height=\"43\" class=\"alignleft size-full wp-image-494\" \/><\/a><\/td>\n<\/tr>\n<tr class=\"row-14 even\">\n\t<td class=\"column-1\"><a href=\"http:\/\/www.jmess.org\/wp-content\/uploads\/2021\/12\/JMESSP13420819.pdf\" target=\"_blank\" rel=\"noopener\">Experimental Investigation Of Influence Of Steel Fibres On The Properties Of Concretes<\/a><br \/>\nAuthors: Adekunle P. Adewuyi; Boago Thibedi<\/td><td class=\"column-2\"><a href=\"http:\/\/www.jmess.org\/wp-content\/uploads\/2021\/12\/JMESSP13420819.pdf\"><img src=\"http:\/\/www.jmess.org\/wp-content\/uploads\/2015\/11\/image002.png\" alt=\" width=\"42\" height=\"43\" class=\"alignleft size-full wp-image-494\" \/><\/a><\/td>\n<\/tr>\n<tr class=\"row-15 odd\">\n\t<td class=\"column-1\"><a href=\"http:\/\/www.jmess.org\/wp-content\/uploads\/2021\/12\/JMESSP13420820.pdf\" target=\"_blank\" rel=\"noopener\">Experimental Verification Of Numerical Models On The Structural Behaviour Of Concretes At Elevated Temperatures<\/a><br \/>\nAuthors: Adekunle P. Adewuyi; Leungo C. Lentswe<\/td><td class=\"column-2\"><a href=\"http:\/\/www.jmess.org\/wp-content\/uploads\/2021\/12\/JMESSP13420820.pdf\"><img src=\"http:\/\/www.jmess.org\/wp-content\/uploads\/2015\/11\/image002.png\" alt=\" width=\"42\" height=\"43\" class=\"alignleft size-full wp-image-494\" \/><\/a><\/td>\n<\/tr>\n<\/tbody>\n<\/table>\n<!-- #tablepress-77 from cache -->\n<div style=\"padding-bottom:20px; padding-top:10px;\" class=\"hupso-share-buttons\"><!-- Hupso Share Buttons - http:\/\/www.hupso.com\/share\/ --><a class=\"hupso_toolbar\" href=\"http:\/\/www.hupso.com\/share\/\"><img src=\"https:\/\/static.hupso.com\/share\/buttons\/share-medium.png\" style=\"border:0px; padding-top:5px; float:left;\" alt=\"Share Button\"\/><\/a><script type=\"text\/javascript\">var hupso_services_t=new Array(\"Twitter\",\"Facebook\",\"Google Plus\",\"Pinterest\",\"Linkedin\",\"StumbleUpon\",\"Digg\",\"Reddit\",\"Bebo\");var hupso_background_t=\"#EAF4FF\";var hupso_border_t=\"#66CCFF\";var hupso_toolbar_size_t=\"medium\";var hupso_image_folder_url = \"\";var hupso_url_t=\"\";var hupso_title_t=\"Vol.7 \u2013 Issue 12 (December\u2013 2021)\";<\/script><script type=\"text\/javascript\" src=\"https:\/\/static.hupso.com\/share\/js\/share_toolbar.js\"><\/script><!-- Hupso Share Buttons --><\/div>","protected":false},"excerpt":{"rendered":"<div style=\"padding-bottom:20px; padding-top:10px;\" class=\"hupso-share-buttons\"><!-- Hupso Share Buttons - http:\/\/www.hupso.com\/share\/ --><a class=\"hupso_toolbar\" href=\"http:\/\/www.hupso.com\/share\/\"><img src=\"https:\/\/static.hupso.com\/share\/buttons\/share-medium.png\" style=\"border:0px; padding-top:5px; float:left;\" alt=\"Share Button\"\/><\/a><script type=\"text\/javascript\">var hupso_services_t=new Array(\"Twitter\",\"Facebook\",\"Google Plus\",\"Pinterest\",\"Linkedin\",\"StumbleUpon\",\"Digg\",\"Reddit\",\"Bebo\");var hupso_background_t=\"#EAF4FF\";var hupso_border_t=\"#66CCFF\";var hupso_toolbar_size_t=\"medium\";var hupso_image_folder_url = \"\";var hupso_url_t=\"\";var hupso_title_t=\"Vol.7 \u2013 Issue 12 (December\u2013 2021)\";<\/script><script type=\"text\/javascript\" src=\"https:\/\/static.hupso.com\/share\/js\/share_toolbar.js\"><\/script><!-- Hupso Share Buttons --><\/div>","protected":false},"author":1,"featured_media":0,"parent":0,"menu_order":0,"comment_status":"closed","ping_status":"closed","template":"","meta":[],"_links":{"self":[{"href":"https:\/\/jmess.org\/index.php\/wp-json\/wp\/v2\/pages\/2055"}],"collection":[{"href":"https:\/\/jmess.org\/index.php\/wp-json\/wp\/v2\/pages"}],"about":[{"href":"https:\/\/jmess.org\/index.php\/wp-json\/wp\/v2\/types\/page"}],"author":[{"embeddable":true,"href":"https:\/\/jmess.org\/index.php\/wp-json\/wp\/v2\/users\/1"}],"replies":[{"embeddable":true,"href":"https:\/\/jmess.org\/index.php\/wp-json\/wp\/v2\/comments?post=2055"}],"version-history":[{"count":1,"href":"https:\/\/jmess.org\/index.php\/wp-json\/wp\/v2\/pages\/2055\/revisions"}],"predecessor-version":[{"id":2058,"href":"https:\/\/jmess.org\/index.php\/wp-json\/wp\/v2\/pages\/2055\/revisions\/2058"}],"wp:attachment":[{"href":"https:\/\/jmess.org\/index.php\/wp-json\/wp\/v2\/media?parent=2055"}],"curies":[{"name":"wp","href":"https:\/\/api.w.org\/{rel}","templated":true}]}}