{"id":2301,"date":"2022-11-30T17:46:23","date_gmt":"2022-11-30T17:46:23","guid":{"rendered":"http:\/\/jmess.org\/?page_id=2301"},"modified":"2022-11-30T17:46:23","modified_gmt":"2022-11-30T17:46:23","slug":"vol-8-issue-11-november-2022","status":"publish","type":"page","link":"http:\/\/jmess.org\/index.php\/vol-8-issue-11-november-2022\/","title":{"rendered":"Vol.8 \u2013 Issue 11 (November\u2013 2022)"},"content":{"rendered":"\n<table id=\"tablepress-87\" class=\"tablepress tablepress-id-87\">\n<thead>\n<tr class=\"row-1 odd\">\n\t<th class=\"column-1\">Paper Title<\/th><th class=\"column-2\">Download<\/th>\n<\/tr>\n<\/thead>\n<tbody class=\"row-hover\">\n<tr class=\"row-2 even\">\n\t<td class=\"column-1\"><a href=\"http:\/\/www.jmess.org\/wp-content\/uploads\/2022\/11\/CoverPageNovember2022.pdf\" target=\"_blank\" rel=\"noopener\"> Cover Page <\/a><\/td><td class=\"column-2\"><a href=\"http:\/\/www.jmess.org\/wp-content\/uploads\/2022\/11\/CoverPageNovember2022.pdf\"><img src=\"http:\/\/www.jmess.org\/wp-content\/uploads\/2015\/11\/image002.png\" alt=\" width=\"42\" height=\"43\" class=\"alignleft size-full wp-image-494\" \/><\/a><\/td>\n<\/tr>\n<tr class=\"row-3 odd\">\n\t<td class=\"column-1\"><a href=\"http:\/\/www.jmess.org\/wp-content\/uploads\/2022\/12\/ContentNovember2022.pdf\" target=\"_blank\" rel=\"noopener\"> Content List <\/a><\/td><td class=\"column-2\"><a href=\"http:\/\/www.jmess.org\/wp-content\/uploads\/2022\/12\/ContentNovember2022.pdf\"><img src=\"http:\/\/www.jmess.org\/wp-content\/uploads\/2015\/11\/image002.png\" alt=\" width=\"42\" height=\"43\" class=\"alignleft size-full wp-image-494\" \/><\/a><\/td>\n<\/tr>\n<tr class=\"row-4 even\">\n\t<td class=\"column-1\"><a href=\"http:\/\/www.jmess.org\/wp-content\/uploads\/2022\/12\/JMESSP13420880.pdf\" target=\"_blank\" rel=\"noopener\">Application Of Low Cost And Reliable Home Energy Management System Using Generalized Reduced Gradient Nonlinear Solver Method<\/a><br \/>\nAuthors: M. Sarmad; N. Tutkun; Samran Saleem<\/td><td class=\"column-2\"><a href=\"http:\/\/www.jmess.org\/wp-content\/uploads\/2022\/12\/JMESSP13420880.pdf\"><img src=\"http:\/\/www.jmess.org\/wp-content\/uploads\/2015\/11\/image002.png\" alt=\" width=\"42\" height=\"43\" class=\"alignleft size-full wp-image-494\" \/><\/a><\/td>\n<\/tr>\n<tr class=\"row-5 odd\">\n\t<td class=\"column-1\"><a href=\"http:\/\/www.jmess.org\/wp-content\/uploads\/2022\/11\/JMESSP13420884.pdf\" target=\"_blank\" rel=\"noopener\">Analysis Of Scrap In The Packaging Process Of A Packing Company<\/a><br \/>\nAuthors: Juan Jos\u00e9 Paniagua Medina; Miriam Esmerada Ram\u00edrez Silva; Jorge Armando L\u00f3pez Lemus<\/td><td class=\"column-2\"><a href=\"http:\/\/www.jmess.org\/wp-content\/uploads\/2022\/11\/JMESSP13420884.pdf\"><img src=\"http:\/\/www.jmess.org\/wp-content\/uploads\/2015\/11\/image002.png\" alt=\" width=\"42\" height=\"43\" class=\"alignleft size-full wp-image-494\" \/><\/a><\/td>\n<\/tr>\n<tr class=\"row-6 even\">\n\t<td class=\"column-1\"><a href=\"http:\/\/www.jmess.org\/wp-content\/uploads\/2022\/11\/JMESSP13420886.pdf\" target=\"_blank\" rel=\"noopener\">Evaluation Of Customer Service Quality In Restaurants Using A Multidimensional Instrument In Guanajuato Mexico<\/a><br \/>\nAuthors: Sonia Edith Calder\u00f3n Ch\u00e1vez; Santiago Dami\u00e1n Mu\u00f1iz; Jorge Armando L\u00f3pez Lemus<\/td><td class=\"column-2\"><a href=\"http:\/\/www.jmess.org\/wp-content\/uploads\/2022\/11\/JMESSP13420886.pdf\"><img src=\"http:\/\/www.jmess.org\/wp-content\/uploads\/2015\/11\/image002.png\" alt=\" width=\"42\" height=\"43\" class=\"alignleft size-full wp-image-494\" \/><\/a><\/td>\n<\/tr>\n<tr class=\"row-7 odd\">\n\t<td class=\"column-1\"><a href=\"http:\/\/www.jmess.org\/wp-content\/uploads\/2022\/11\/JMESSP13420887.pdf\" target=\"_blank\" rel=\"noopener\">Systematic Review Of Literature On The Usefulness Of Implementing The Ntc-iso9001 Standard In Mexican Companies<\/a><br \/>\nAuthors: Jose Manuel Arengas Acosta; Jorge Armando L\u00f3pez Lemus<\/td><td class=\"column-2\"><a href=\"http:\/\/www.jmess.org\/wp-content\/uploads\/2022\/11\/JMESSP13420887.pdf\"><img src=\"http:\/\/www.jmess.org\/wp-content\/uploads\/2015\/11\/image002.png\" alt=\" width=\"42\" height=\"43\" class=\"alignleft size-full wp-image-494\" \/><\/a><\/td>\n<\/tr>\n<tr class=\"row-8 even\">\n\t<td class=\"column-1\"><a href=\"http:\/\/www.jmess.org\/wp-content\/uploads\/2023\/05\/JMESSP13420917.pdf\" target=\"_blank\" rel=\"noopener\">Analysis Of Voltage Profile And Power Transfer Capability Enhancement On Nigeria 330kv Transmission Power Network Using Statcom Facts Device<\/a><br \/>\nAuthors: Tim Umoette; Ndifreke Samuel Offiong; Okpura, Nseobong<\/td><td class=\"column-2\"><a href=\"http:\/\/www.jmess.org\/wp-content\/uploads\/2023\/05\/JMESSP13420917.pdf\"><img src=\"http:\/\/www.jmess.org\/wp-content\/uploads\/2015\/11\/image002.png\" alt=\" width=\"42\" height=\"43\" class=\"alignleft size-full wp-image-494\" \/><\/a><\/td>\n<\/tr>\n<\/tbody>\n<\/table>\n<!-- #tablepress-87 from cache -->\n<div style=\"padding-bottom:20px; padding-top:10px;\" class=\"hupso-share-buttons\"><!-- Hupso Share Buttons - http:\/\/www.hupso.com\/share\/ --><a class=\"hupso_toolbar\" href=\"http:\/\/www.hupso.com\/share\/\"><img src=\"http:\/\/static.hupso.com\/share\/buttons\/share-medium.png\" style=\"border:0px; padding-top:5px; float:left;\" alt=\"Share Button\"\/><\/a><script type=\"text\/javascript\">var hupso_services_t=new Array(\"Twitter\",\"Facebook\",\"Google Plus\",\"Pinterest\",\"Linkedin\",\"StumbleUpon\",\"Digg\",\"Reddit\",\"Bebo\");var hupso_background_t=\"#EAF4FF\";var hupso_border_t=\"#66CCFF\";var hupso_toolbar_size_t=\"medium\";var hupso_image_folder_url = \"\";var hupso_url_t=\"\";var hupso_title_t=\"Vol.8 \u2013 Issue 11 (November\u2013 2022)\";<\/script><script type=\"text\/javascript\" src=\"http:\/\/static.hupso.com\/share\/js\/share_toolbar.js\"><\/script><!-- Hupso Share Buttons --><\/div>","protected":false},"excerpt":{"rendered":"<div style=\"padding-bottom:20px; padding-top:10px;\" class=\"hupso-share-buttons\"><!-- Hupso Share Buttons - http:\/\/www.hupso.com\/share\/ --><a class=\"hupso_toolbar\" href=\"http:\/\/www.hupso.com\/share\/\"><img src=\"http:\/\/static.hupso.com\/share\/buttons\/share-medium.png\" style=\"border:0px; padding-top:5px; float:left;\" alt=\"Share Button\"\/><\/a><script type=\"text\/javascript\">var hupso_services_t=new Array(\"Twitter\",\"Facebook\",\"Google Plus\",\"Pinterest\",\"Linkedin\",\"StumbleUpon\",\"Digg\",\"Reddit\",\"Bebo\");var hupso_background_t=\"#EAF4FF\";var hupso_border_t=\"#66CCFF\";var hupso_toolbar_size_t=\"medium\";var hupso_image_folder_url = \"\";var hupso_url_t=\"\";var hupso_title_t=\"Vol.8 \u2013 Issue 11 (November\u2013 2022)\";<\/script><script type=\"text\/javascript\" src=\"http:\/\/static.hupso.com\/share\/js\/share_toolbar.js\"><\/script><!-- Hupso Share Buttons --><\/div>","protected":false},"author":1,"featured_media":0,"parent":0,"menu_order":0,"comment_status":"closed","ping_status":"closed","template":"","meta":[],"_links":{"self":[{"href":"http:\/\/jmess.org\/index.php\/wp-json\/wp\/v2\/pages\/2301"}],"collection":[{"href":"http:\/\/jmess.org\/index.php\/wp-json\/wp\/v2\/pages"}],"about":[{"href":"http:\/\/jmess.org\/index.php\/wp-json\/wp\/v2\/types\/page"}],"author":[{"embeddable":true,"href":"http:\/\/jmess.org\/index.php\/wp-json\/wp\/v2\/users\/1"}],"replies":[{"embeddable":true,"href":"http:\/\/jmess.org\/index.php\/wp-json\/wp\/v2\/comments?post=2301"}],"version-history":[{"count":1,"href":"http:\/\/jmess.org\/index.php\/wp-json\/wp\/v2\/pages\/2301\/revisions"}],"predecessor-version":[{"id":2307,"href":"http:\/\/jmess.org\/index.php\/wp-json\/wp\/v2\/pages\/2301\/revisions\/2307"}],"wp:attachment":[{"href":"http:\/\/jmess.org\/index.php\/wp-json\/wp\/v2\/media?parent=2301"}],"curies":[{"name":"wp","href":"https:\/\/api.w.org\/{rel}","templated":true}]}}