{"id":1983,"date":"2021-09-30T19:16:19","date_gmt":"2021-09-30T19:16:19","guid":{"rendered":"http:\/\/jmess.org\/?page_id=1983"},"modified":"2021-09-30T19:16:19","modified_gmt":"2021-09-30T19:16:19","slug":"vol-7-issue-9-september-2021","status":"publish","type":"page","link":"http:\/\/jmess.org\/index.php\/vol-7-issue-9-september-2021\/","title":{"rendered":"Vol.7 \u2013 Issue 9 (September\u2013 2021)"},"content":{"rendered":"\n<table id=\"tablepress-74\" class=\"tablepress tablepress-id-74\">\n<thead>\n<tr class=\"row-1 odd\">\n\t<th class=\"column-1\">Paper Title<\/th><th class=\"column-2\">Download<\/th>\n<\/tr>\n<\/thead>\n<tbody class=\"row-hover\">\n<tr class=\"row-2 even\">\n\t<td class=\"column-1\"><a href=\"http:\/\/www.jmess.org\/wp-content\/uploads\/2021\/09\/CoverPageSeptember2021.pdf\" target=\"_blank\" rel=\"noopener\"> Cover Page <\/a><\/td><td class=\"column-2\"><a href=\"http:\/\/www.jmess.org\/wp-content\/uploads\/2021\/09\/CoverPageSeptember2021.pdf\"><img src=\"http:\/\/www.jmess.org\/wp-content\/uploads\/2015\/11\/image002.png\" alt=\" width=\"42\" height=\"43\" class=\"alignleft size-full wp-image-494\" \/><\/a><\/td>\n<\/tr>\n<tr class=\"row-3 odd\">\n\t<td class=\"column-1\"><a href=\"http:\/\/www.jmess.org\/wp-content\/uploads\/2021\/10\/ContentSeptember2021.pdf\" target=\"_blank\" rel=\"noopener\"> Content List <\/a><\/td><td class=\"column-2\"><a href=\"http:\/\/www.jmess.org\/wp-content\/uploads\/2021\/10\/ContentSeptember2021.pdf\"><img src=\"http:\/\/www.jmess.org\/wp-content\/uploads\/2015\/11\/image002.png\" alt=\" width=\"42\" height=\"43\" class=\"alignleft size-full wp-image-494\" \/><\/a><\/td>\n<\/tr>\n<tr class=\"row-4 even\">\n\t<td class=\"column-1\"><a href=\"http:\/\/www.jmess.org\/wp-content\/uploads\/2021\/09\/JMESSP13420708.pdf\" target=\"_blank\" rel=\"noopener\">Using Chitosan Nanosilica Composite For Removal Of Some Heavy Metals From Water Resources<\/a><br \/>\nAuthors: Ahmed. M. Desouky; Mohamed E. A. Ali; Hesham A. Ezzeldin; Ahmed Shahat<\/td><td class=\"column-2\"><a href=\"http:\/\/www.jmess.org\/wp-content\/uploads\/2021\/09\/JMESSP13420708.pdf\"><img src=\"http:\/\/www.jmess.org\/wp-content\/uploads\/2015\/11\/image002.png\" alt=\" width=\"42\" height=\"43\" class=\"alignleft size-full wp-image-494\" \/><\/a><\/td>\n<\/tr>\n<tr class=\"row-5 odd\">\n\t<td class=\"column-1\"><a href=\"http:\/\/www.jmess.org\/wp-content\/uploads\/2021\/10\/JMESSP13420776.pdf\" target=\"_blank\" rel=\"noopener\">Uses Of Lianas Species According To The River Communities Of Azagny National Park (south Of C\u00f4te D\u2019ivoire)<\/a><br \/>\nAuthors: Koffi Adjoua B\u00e9n\u00e9dicte; Koffi Kouadio Ars\u00e8ne Dieudonn\u00e9; Silu\u00e9 Pagadjovongo Adama; Kra Adou Koffi Mathieu; Adou Yao Constant Yves<\/td><td class=\"column-2\"><a href=\"http:\/\/www.jmess.org\/wp-content\/uploads\/2021\/10\/JMESSP13420776.pdf\"><img src=\"http:\/\/www.jmess.org\/wp-content\/uploads\/2015\/11\/image002.png\" alt=\" width=\"42\" height=\"43\" class=\"alignleft size-full wp-image-494\" \/><\/a><\/td>\n<\/tr>\n<tr class=\"row-6 even\">\n\t<td class=\"column-1\"><a href=\"http:\/\/www.jmess.org\/wp-content\/uploads\/2021\/09\/JMESSP13420783.pdf\" target=\"_blank\" rel=\"noopener\">The Analysis Is For The Design Of Different Club Face\u2019s Thicknesses Of Fairway Wood To The Characteristic Time - Fairway Wood To The Characteristic Time<\/a><br \/>\nAuthors: Kuei-pin Kuo; Chih-yeh Chao<\/td><td class=\"column-2\"><a href=\"http:\/\/www.jmess.org\/wp-content\/uploads\/2021\/09\/JMESSP13420783.pdf\"><img src=\"http:\/\/www.jmess.org\/wp-content\/uploads\/2015\/11\/image002.png\" alt=\" width=\"42\" height=\"43\" class=\"alignleft size-full wp-image-494\" \/><\/a><\/td>\n<\/tr>\n<tr class=\"row-7 odd\">\n\t<td class=\"column-1\"><a href=\"http:\/\/www.jmess.org\/wp-content\/uploads\/2021\/09\/JMESSP13420784.pdf\" target=\"_blank\" rel=\"noopener\">Techniques For Different Biometric Identification Of Human Traits: A Review<\/a><br \/>\nAuthors: Israa Shaker Tawfic<\/td><td class=\"column-2\"><a href=\"http:\/\/www.jmess.org\/wp-content\/uploads\/2021\/09\/JMESSP13420784.pdf\"><img src=\"http:\/\/www.jmess.org\/wp-content\/uploads\/2015\/11\/image002.png\" alt=\" width=\"42\" height=\"43\" class=\"alignleft size-full wp-image-494\" \/><\/a><\/td>\n<\/tr>\n<tr class=\"row-8 even\">\n\t<td class=\"column-1\"><a href=\"http:\/\/www.jmess.org\/wp-content\/uploads\/2021\/09\/JMESSP13420785.pdf\" target=\"_blank\" rel=\"noopener\">Research On Motion Characteristics Of An Adaptive Robot At Bent Pipes<\/a><br \/>\nAuthors: Wenling Liao; Rongqin Huang; Bo Peng<\/td><td class=\"column-2\"><a href=\"http:\/\/www.jmess.org\/wp-content\/uploads\/2021\/09\/JMESSP13420785.pdf\"><img src=\"http:\/\/www.jmess.org\/wp-content\/uploads\/2015\/11\/image002.png\" alt=\" width=\"42\" height=\"43\" class=\"alignleft size-full wp-image-494\" \/><\/a><\/td>\n<\/tr>\n<tr class=\"row-9 odd\">\n\t<td class=\"column-1\"><a href=\"http:\/\/www.jmess.org\/wp-content\/uploads\/2021\/09\/JMESSP13420786.pdf\" target=\"_blank\" rel=\"noopener\">Mechanical Behavior Of Heavy-haul Railway Track Structure Based On Finite Element Method<\/a><br \/>\nAuthors: Wencheng Zhang; Ying Wu<\/td><td class=\"column-2\"><a href=\"http:\/\/www.jmess.org\/wp-content\/uploads\/2021\/09\/JMESSP13420786.pdf\"><img src=\"http:\/\/www.jmess.org\/wp-content\/uploads\/2015\/11\/image002.png\" alt=\" width=\"42\" height=\"43\" class=\"alignleft size-full wp-image-494\" \/><\/a><\/td>\n<\/tr>\n<tr class=\"row-10 even\">\n\t<td class=\"column-1\"><a href=\"http:\/\/www.jmess.org\/wp-content\/uploads\/2021\/09\/JMESSP13420787.pdf\" target=\"_blank\" rel=\"noopener\">Topology Optimization Design Of The Suspension Arm Of A Certain Type Of Train Battery System<\/a><br \/>\nAuthors: Yaqin Luo; Yuerong Peng<\/td><td class=\"column-2\"><a href=\"http:\/\/www.jmess.org\/wp-content\/uploads\/2021\/09\/JMESSP13420787.pdf\"><img src=\"http:\/\/www.jmess.org\/wp-content\/uploads\/2015\/11\/image002.png\" alt=\" width=\"42\" height=\"43\" class=\"alignleft size-full wp-image-494\" \/><\/a><\/td>\n<\/tr>\n<\/tbody>\n<\/table>\n<!-- #tablepress-74 from cache -->\n<div style=\"padding-bottom:20px; padding-top:10px;\" class=\"hupso-share-buttons\"><!-- Hupso Share Buttons - http:\/\/www.hupso.com\/share\/ --><a class=\"hupso_toolbar\" href=\"http:\/\/www.hupso.com\/share\/\"><img src=\"http:\/\/static.hupso.com\/share\/buttons\/share-medium.png\" style=\"border:0px; padding-top:5px; float:left;\" alt=\"Share Button\"\/><\/a><script type=\"text\/javascript\">var hupso_services_t=new Array(\"Twitter\",\"Facebook\",\"Google Plus\",\"Pinterest\",\"Linkedin\",\"StumbleUpon\",\"Digg\",\"Reddit\",\"Bebo\");var hupso_background_t=\"#EAF4FF\";var hupso_border_t=\"#66CCFF\";var hupso_toolbar_size_t=\"medium\";var hupso_image_folder_url = \"\";var hupso_url_t=\"\";var hupso_title_t=\"Vol.7 \u2013 Issue 9 (September\u2013 2021)\";<\/script><script type=\"text\/javascript\" src=\"http:\/\/static.hupso.com\/share\/js\/share_toolbar.js\"><\/script><!-- Hupso Share Buttons --><\/div>","protected":false},"excerpt":{"rendered":"<div style=\"padding-bottom:20px; padding-top:10px;\" class=\"hupso-share-buttons\"><!-- Hupso Share Buttons - http:\/\/www.hupso.com\/share\/ --><a class=\"hupso_toolbar\" href=\"http:\/\/www.hupso.com\/share\/\"><img src=\"http:\/\/static.hupso.com\/share\/buttons\/share-medium.png\" style=\"border:0px; padding-top:5px; float:left;\" alt=\"Share Button\"\/><\/a><script type=\"text\/javascript\">var hupso_services_t=new Array(\"Twitter\",\"Facebook\",\"Google Plus\",\"Pinterest\",\"Linkedin\",\"StumbleUpon\",\"Digg\",\"Reddit\",\"Bebo\");var hupso_background_t=\"#EAF4FF\";var hupso_border_t=\"#66CCFF\";var hupso_toolbar_size_t=\"medium\";var hupso_image_folder_url = \"\";var hupso_url_t=\"\";var hupso_title_t=\"Vol.7 \u2013 Issue 9 (September\u2013 2021)\";<\/script><script type=\"text\/javascript\" src=\"http:\/\/static.hupso.com\/share\/js\/share_toolbar.js\"><\/script><!-- Hupso Share Buttons --><\/div>","protected":false},"author":1,"featured_media":0,"parent":0,"menu_order":0,"comment_status":"closed","ping_status":"closed","template":"","meta":[],"_links":{"self":[{"href":"http:\/\/jmess.org\/index.php\/wp-json\/wp\/v2\/pages\/1983"}],"collection":[{"href":"http:\/\/jmess.org\/index.php\/wp-json\/wp\/v2\/pages"}],"about":[{"href":"http:\/\/jmess.org\/index.php\/wp-json\/wp\/v2\/types\/page"}],"author":[{"embeddable":true,"href":"http:\/\/jmess.org\/index.php\/wp-json\/wp\/v2\/users\/1"}],"replies":[{"embeddable":true,"href":"http:\/\/jmess.org\/index.php\/wp-json\/wp\/v2\/comments?post=1983"}],"version-history":[{"count":1,"href":"http:\/\/jmess.org\/index.php\/wp-json\/wp\/v2\/pages\/1983\/revisions"}],"predecessor-version":[{"id":1986,"href":"http:\/\/jmess.org\/index.php\/wp-json\/wp\/v2\/pages\/1983\/revisions\/1986"}],"wp:attachment":[{"href":"http:\/\/jmess.org\/index.php\/wp-json\/wp\/v2\/media?parent=1983"}],"curies":[{"name":"wp","href":"https:\/\/api.w.org\/{rel}","templated":true}]}}